{"id":50,"date":"2018-05-11T20:18:52","date_gmt":"2018-05-11T20:18:52","guid":{"rendered":"http:\/\/raven-golden-dawn.de\/?page_id=50"},"modified":"2026-03-13T08:10:54","modified_gmt":"2026-03-13T08:10:54","slug":"ausbilder","status":"publish","type":"page","link":"https:\/\/drc-koeln-bonn.de\/index.php\/ausbildung\/ausbilder\/","title":{"rendered":"Ausbilder"},"content":{"rendered":"\n<p class=\"has-text-align-left\"><strong>Gabi Becker (Einzeltraining, Dummy Aufbau)<\/strong><br><em>becker@drc-koeln-bonn.de<\/em><\/p>\n\n\n\n<p>Seit Anfang der Neunzigerjahre bin ich bereits Mitglied im DRC und f\u00fchre Golden Retriever aus Arbeitslinie. Da liegt es nahe, dass ich meine Leidenschaft u. a. auch dem Dummysport gewidmet habe. Die erfolgreiche Teilnahme an Working Tests in allen Klassen sowie German Cup\u2019s und diversen Qualifikationen zum DRC Finale konnte ich mit meiner H\u00fcndin \u201eGleen Mhor\u2019s Nele\u201c in den letzten Jahren erreichen. Auch ich geh\u00f6re zu den Menschen die meinen, dass der eigene Hund der beste auf der ganzen Welt ist (meiner ist es wirklich!).&nbsp;Das ist, bzw. war, sicherlich auch einer der Gr\u00fcnde, weshalb ich vor vielen Jahren zweimal einen Wurf aufgezogen habe. Allerdings musste ich feststellen, dass mir die Abgabe der Welpen in die richtigen H\u00e4nde so schwer f\u00e4llt, sodass ich das Z\u00fcchten schnell wieder einstellte.In vielen Seminaren und Weiterbildungen habe ich in den letzten Jahrzehnten kontinuierlich meinen Wissenstand erweitern und ausbauen k\u00f6nnen und der \u201eBlick \u00fcber den Tellerrand\u201c ist und bleibt spannend. Mir ist wichtig, dass das Zusammenleben mit unseren wundervollen Vierbeinern alltagstauglich und harmonisch ist und das Privilegien \u00fcber eine liebevolle und konsequente Erziehung erarbeitet werden. Es stimmt mich gl\u00fccklich, das ein oder andere an Wissen weitergeben zu k\u00f6nnen.<\/p>\n\n\n\n<p>Ich freue mich, Sie und Ihren Hund kennenlernen zu d\u00fcrfen.<\/p>\n\n\n\n<hr class=\"wp-block-separator has-alpha-channel-opacity\"\/>\n\n\n\n<p class=\"has-text-align-left\"><strong>Ute B\u00f6ttner&nbsp;(Welpen, Junghunde, Dummy)<\/strong><br><em>uboettner@drc-koeln-bonn.de<\/em><\/p>\n\n\n\n<p class=\"has-text-align-left\">Seinerzeit war ich diejenige in unserer Familie, die sich zur\u00fcckhaltend ge\u00e4u\u00dfert hat, als der Familienrat \u00fcber die Anschaffung eines Hundes diskutierte. Schlie\u00dflich habe ich mich der Mehrheitsentscheidung gebeugt, wohl wissend, dass ich es sein w\u00fcrde, die letztlich die Arbeit mit dem Hund haben w\u00fcrde. Viele B\u00fccher und Berichte wurden nun gelesen auf der Suche nach dem idealen Hund. Fast zwangsl\u00e4ufig fiel unsere Wahl auf einen Retriever. Diese Entscheidung war goldrichtig. Und sehr schnell wurde ich vom Retrieverfieber infiziert. Seit Juli 2000 arbeitete ich intensiv mit unserer ersten Golden-H\u00fcndin Ayka, habe mit ihr unterschiedliche Pr\u00fcfungen abgelegt und erfolgreich an diversen Workingtests teilgenommen. Wir mussten diesen tollen Hund Ostern 2014 gehen lassen.<br>Im Mai 2005 kam mit Balou unsere zweite Golden-H\u00fcndin ins Haus. Wegen ihrer Anlagen steigerte sie meinen Spa\u00df an der Hundeausbildung noch weiter. Auch sie hat unterschiedliche Pr\u00fcfungen abgelegt und wurde von mir erfolgreich auf Workingtests gef\u00fchrt. Mit ihren fast 11 Jahren apportiert sie immer noch gerne und bl\u00fcht dabei f\u00f6rmlich auf.<br>P\u00fcnktlich zum Weihnachtsfest 2011 kam dann Stonehunter Julie Rose zu uns in die Familie und komplettierte unser Golden-Rudel. Zahlreiche gute Erfolge, bislang im A- und F-Bereich, zeigen eindrucksvoll ihre tollen Anlagen und ihren fantastischen Arbeitswillen.<br>Und weil wohl aller guten Dinge drei sind, hat im Sommer 2015 mit Leo ein weiterer Stonehunter Einzug bei uns gehalten. Er wird von meinem Mann gef\u00fchrt. Aber ich k\u00fcmmere mich nicht nur um unsere eigenen Vierbeiner, sondern geh\u00f6re seit Jahren zum Kreis der Ausbilder\/innen in der BZG und hoffe, dass ich noch vielen Zweibeinern die Freude an einer retrievergerechten Hundeausbildung vermitteln kann.<\/p>\n\n\n\n<hr class=\"wp-block-separator has-alpha-channel-opacity\"\/>\n\n\n\n<p><strong>Kurt Gottlieb (Vorbereitung Dummy A Pr\u00fcfung)<\/strong><br><em>gottlieb@drc-koeln-bonn.de<\/em><\/p>\n\n\n\n<p>Mit Sch\u00e4ferhunden aufgewachsen war der Weg zum Sch\u00e4ferhundbesitzer eigentlich vorgezeichnet. Dann kam aber alle anders! Erst einmal kam eine eigene Familie mit heute zwei erwachsenen S\u00f6hnen.<\/p>\n\n\n\n<p>Die erste \u201eBegegnung\u201c mit einem Retriever hatten wir 1984 da zog in das Haus meines damaligen Chefs ein erwachsener gelber Labradorr\u00fcde ein. Vom Wesen und der Gelehrigkeit dieser Rasse war ich fasziniert. Es dauerte aber noch etliche Jahre, bis einen Hund bei uns einzog. Dies geschah dann 18.03.2004 ein gelber Labrador Garry von der Hollen Hardt aus einer Standartzucht zog ein. Seit dieser Zeit bin ich auch Mitglied im DRC. Nach der Grundausbildung kamen wir zur Dummyarbeit. Meinen zweiten Labrador Work und more excellent Eyko aus einer Leistungszucht kam im Dez. 2007 zu uns und wurde au\u00dfer zur Dummyarbeit auch jagdlich ausgebildet. Mit Eyko startete ich bei vielen Workingtests, unteranderem wurden wir zweimal Work and Show Sieger. Mittlerweile ist mein t\u00e4glicher Begleiter unser dritter Labrador Gladline Maverick (Marley). Da ich viel Freude an der Hundeausbildung habe, wollte ich diese auch mit anderen teilen.<\/p>\n\n\n\n<p>Nach den erforderlichen Hospitationen wurde ich im Fr\u00fchjahr 2010 in Kreis der Ausbilder aufgenommen.<\/p>\n\n\n\n<p>Seitdem vermittele ich das erlernte und meine Erfahrung in der Ausbildung meiner eigenen Hunde und der Teilnahme an diversen Seminaren an unsere Junghundebesitzer bzw. Kursteilnehmer.<br>Nach einem Jahr sch\u00f6pferischer Pause stehe ich der BZG K\u00f6ln-Bonn seit Fr\u00fchjahr 2025 wieder als Ausbilder zur Verf\u00fcgung.&nbsp;<\/p>\n\n\n\n<hr class=\"wp-block-separator has-alpha-channel-opacity\"\/>\n\n\n\n<p class=\"has-text-align-left\"><strong>Helmie Habeth&nbsp;(Junghunde, Begleithunde)<\/strong><br><em>habeth@drc-koeln-bonn.de<\/em><\/p>\n\n\n\n<p class=\"has-text-align-left\">Seit 1996 bin ich im DRC Mitglied und mache dort seit 1998 Ausbildung.<br>Wir (mein Mann und mein Sohn) besitzen zur Zeit zwei Flat-R\u00fcden, mit denen ich Dummyarbeit und gleichzeitig auch jagdlich arbeite.<br>In der Ausbildung ist es f\u00fcr mich nicht nur wichtig, ein Kursziel zu erreichen, sondern vielmehr die jeweilige Mensch\/Hund-Beziehung zu verbessern und zu st\u00e4rken.<\/p>\n\n\n\n<p class=\"has-text-align-left\">Diese Bindung und das Zusammenwachsen eines Gespannes zu beobachten, daraus dann ein Team werden zu sehen, ist f\u00fcr mich die Belohnung in meiner Arbeit<\/p>\n\n\n\n<hr class=\"wp-block-separator has-alpha-channel-opacity\"\/>\n\n\n\n<p><strong>Jennifer Holst &#8211; extern (Junghunde) <\/strong> <\/p>\n\n\n\n<p><em>jennifer-holst@t-online.de<\/em><\/p>\n\n\n\n<p>Einen Hund in unser Leben zu holen, war ein lang gehegter Wunsch. Als unsere Kinder \u00e4lter wurden, war der richtige Zeitpunkt gekommen: Ein Labrador Retriever aus jagdlicher Leistungszucht zog bei uns ein. Was als Abenteuer begann, wurde f\u00fcr mich zu einer intensiven Reise, die seither mein Leben bereichert.<\/p>\n\n\n\n<p>Auf meinem bisherigen Weg durfte ich unglaublich viel lernen. Vor allem wie wichtig Pr\u00e4zision, Geduld und eine klare Kommunikation sind. Und welchen unglaublichen Spa\u00df es macht, mit seinem Hund gemeinsam zu Arbeiten. Somit hat mich das Dummy Fieber vor Jahren gepackt und seither nie wieder losgelassen, im Gegenteil; ich brenne f\u00fcr diese Arbeit.<\/p>\n\n\n\n<p>Diese Erfahrungen und das Wissen, das ich bis dato sammeln und erlernen durfte, m\u00f6chte ich gern weitergeben. Mein Ziel ist es, andere Teams f\u00fcr die Retriever gerechte Arbeit bzw. Auslastung zu begeistern. Dabei liegt mein Fokus darauf, nicht nur technische Kursziele zu erreichen, sondern das gegenseitige Verst\u00e4ndnis, Vertrauen und die Mensch-Hund-Beziehung nachhaltig zu st\u00e4rken.<\/p>\n\n\n\n<p>Es ist f\u00fcr mich die sch\u00f6nste Belohnung, die Bindung und das Zusammenwachsen eines Gespannes zu beobachten und sie dabei zu unterst\u00fctzen, zu einem echten Team zu werden.<\/p>\n\n\n\n<hr class=\"wp-block-separator has-alpha-channel-opacity\"\/>\n\n\n\n<p><strong><span class=\"Stil8\">Klaus Vogel&nbsp;(Dummy just for fun)<\/span><\/strong><br><span class=\"Stil8\"><em>vogel@drc-koeln-bonn.de<\/em><\/span><\/p>\n\n\n\n<p class=\"has-text-align-left\">Ein Hund stand schon lange auf der famili\u00e4ren Wunschliste. Dass es ein Retriever wurde, war eher Zufall (dank unserer Tochter!!!). 1993 kam unserer Labrador-R\u00fcde Lucky ins Haus.<br>Sollte es zun\u00e4chst &#8222;nur&#8220; ein Familienhund werden, so waren wir dank einer guten Ausbildung schnell vom Virus &#8222;Retriever&#8220; befallen. 1995 wollte auch meine Frau einen Retriever f\u00fchren und es kam unsere Goldenh\u00fcndin Stella (Belle vom Gest\u00fct Pfauenhof) dazu. Zwei Hunde sind einfach ideal!<br>Die guten Anlagen unserer H\u00fcndin wollten wir in die Zucht einbringen und hatten im April 1999 einen Wurf von acht Welpen. Aus dem Wurf behielten wir, wieder dank unserer Tochter, einen R\u00fcden. Drei Hunde sind verr\u00fcckt!<\/p>\n\n\n\n<p>1999 begann ich dann auch, f\u00fcr die BZG auszubilden. Mit unserem Labi habe ich neben der Dummyarbeit (Workingtests) auch das jagdliche Arbeiten intensiv betrieben, bis hin zur Heraeus-Pr\u00fcfung, die Lucky trotz k\u00fcnstlicher H\u00fcfte mit Bravour gemeistert hat.<br>In den letzten zwei Jahren habe ich neben dem Kollegen Capellmann am Ausbildungsprogramm zum zertifizierten DRC-Trainer teilgenommen. Ich bezeichne mich nicht gerne als Ausbilder, sondern m\u00f6chte meine Begeisterung f\u00fcr die Rasse auf die Kursteilnehmer \u00fcbertragen. Ein weiteres Anliegen ist, Negatives zu unterbinden und Positives zu verst\u00e4rken.<\/p>\n\n\n\n<hr class=\"wp-block-separator has-alpha-channel-opacity\"\/>\n\n\n\n<p><strong><span class=\"Stil8\">Ute Wagnitz&nbsp; (Welpen, Begleithunde)<br><\/span><\/strong><span class=\"Stil8\"><em>wagnitz@drc-koeln-bonn.de<\/em><\/span><\/p>\n\n\n\n<p>Wie sicher in vielen Familien w\u00fcnschten sich meine 3 T\u00f6chter (damals 8 \/ 11 \/ 14 Jahre) einen Hund. Nach diversen Hundeb\u00fccher und Besuchen auf dem damaligen Trainingsgel\u00e4nde des RTT stand fest, ein Golden Retriever sollte es sein.<\/p>\n\n\n\n<p>Durch einen gl\u00fccklichen Zufall bekamen wir 1993 aus dem Zwinger \u201eof Winter night\u2018s dream\u201c (eine Nachzucht von Heinz Gail) einen R\u00fcden namens Asterix. So lernte ich Heinz als Ausbilder\/Trainer kennen und war von der Retrieverarbeit sofort infiziert.1997 zog eine schwarze Labradorh\u00fcndin Molly vom Angelfeld genannt Celine bei uns ein, die mich mit ihrem \u201ewill to please\u201c begeisterte. Um sie auch jagdlich f\u00fchren zu k\u00f6nnen, machte ich im Jahre 1999\/2000 meinen Jagdschein. 2006 bereicherte dann Stonehunter Eagle Red Aemie (\u2d15 2020) unser Leben. Mit Ihr begann ich meine Zucht. Sie hat mich fast 15 Jahre treu begleitet und ihr Tod war ein gro\u00dfer Verlust. 2011 stand fest, dass ein zweiter Stonehunter zu unserer Familie geh\u00f6ren wird. Stonehunter Juparana Fantastico genannt Fanta brachte unser Leben kurz vor Weihnachten wieder ein wenig durcheinander. 2017 st\u00fcrzte ich mich dann in das Abenteuer, einen Hund aus England zu holen. Pepsanner Hirola (Bekkie) war die Auserkorene und sorgte wiederum daf\u00fcr, dass es spannend wurde in unserem Rudel. Von Bekkie habe ich 2021 aus meinem E-Wurf Easy behalten, meine erste selbstgezogene H\u00fcndin. <\/p>\n\n\n\n<p>Seit 3 Jahren habe ich den Entschluss gefasst, mich aktiv in die BZG einzubringen, um als Ausbilderin meine bisherige Erfahrung in der Hundeausbildung weitergeben zu k\u00f6nnen.<\/p>\n\n\n\n<hr class=\"wp-block-separator has-alpha-channel-opacity\"\/>\n","protected":false},"excerpt":{"rendered":"<p>Gabi Becker (Einzeltraining, Dummy Aufbau)becker@drc-koeln-bonn.de Seit Anfang der Neunzigerjahre bin ich bereits Mitglied im DRC und f\u00fchre Golden Retriever aus Arbeitslinie. Da liegt es nahe, dass ich meine Leidenschaft u. a. auch dem Dummysport gewidmet habe. Die erfolgreiche Teilnahme an Working Tests in allen Klassen sowie German Cup\u2019s und diversen Qualifikationen zum DRC Finale&#8230;<\/p>\n<p class=\"read-more\"><a class=\"btn btn-default\" href=\"https:\/\/drc-koeln-bonn.de\/index.php\/ausbildung\/ausbilder\/\"> Read More<span class=\"screen-reader-text\">  Read More<\/span><\/a><\/p>\n","protected":false},"author":1,"featured_media":0,"parent":6,"menu_order":0,"comment_status":"closed","ping_status":"closed","template":"","meta":{"footnotes":""},"class_list":["post-50","page","type-page","status-publish","hentry"],"_links":{"self":[{"href":"https:\/\/drc-koeln-bonn.de\/index.php\/wp-json\/wp\/v2\/pages\/50","targetHints":{"allow":["GET"]}}],"collection":[{"href":"https:\/\/drc-koeln-bonn.de\/index.php\/wp-json\/wp\/v2\/pages"}],"about":[{"href":"https:\/\/drc-koeln-bonn.de\/index.php\/wp-json\/wp\/v2\/types\/page"}],"author":[{"embeddable":true,"href":"https:\/\/drc-koeln-bonn.de\/index.php\/wp-json\/wp\/v2\/users\/1"}],"replies":[{"embeddable":true,"href":"https:\/\/drc-koeln-bonn.de\/index.php\/wp-json\/wp\/v2\/comments?post=50"}],"version-history":[{"count":27,"href":"https:\/\/drc-koeln-bonn.de\/index.php\/wp-json\/wp\/v2\/pages\/50\/revisions"}],"predecessor-version":[{"id":1607,"href":"https:\/\/drc-koeln-bonn.de\/index.php\/wp-json\/wp\/v2\/pages\/50\/revisions\/1607"}],"up":[{"embeddable":true,"href":"https:\/\/drc-koeln-bonn.de\/index.php\/wp-json\/wp\/v2\/pages\/6"}],"wp:attachment":[{"href":"https:\/\/drc-koeln-bonn.de\/index.php\/wp-json\/wp\/v2\/media?parent=50"}],"curies":[{"name":"wp","href":"https:\/\/api.w.org\/{rel}","templated":true}]}}