{"id":46,"date":"2018-05-11T20:18:35","date_gmt":"2018-05-11T20:18:35","guid":{"rendered":"http:\/\/raven-golden-dawn.de\/?page_id=46"},"modified":"2026-03-24T12:49:39","modified_gmt":"2026-03-24T12:49:39","slug":"kursangebot","status":"publish","type":"page","link":"https:\/\/drc-koeln-bonn.de\/index.php\/ausbildung\/kursangebot\/","title":{"rendered":"Kursangebot"},"content":{"rendered":"\n<p><strong>Trainings- und Ausbildungsangebote k\u00f6nnen ausschlie\u00dflich von DRC-Mitgliedern wahrgenommen werden.<\/strong> <strong>In den Kursen werden keine Moxonleinen ohne Zugstopp oder andere W\u00fcrger zugelassen. Diese Regelung entspricht den Bestimmungen des Tierschutzgesetzes.&nbsp;<\/strong><\/p>\n\n\n\n<p>In Abh\u00e4ngigkeit vorhandener Ausbilderkapazit\u00e4ten und entsprechender Nachfrage wird Hundeausbildung in verschiedenen Kursen angeboten. Der Welpenkurs und der &#8222;Dummy just for fun&#8220; Kurs werden durchgehend angeboten, ein Einstieg ist jederzeit m\u00f6glich.<\/p>\n\n\n\n<p><strong>1. Kurssaison ab Januar<\/strong><\/p>\n\n\n\n<p><strong>2. Kurssaison nach Ostern<\/strong><\/p>\n\n\n\n<p><strong>3. Kurssaison nach den Sommerferien<\/strong><\/p>\n\n\n\n<p>Pro Saison 8 Einheiten a 1,5 Stunden.<\/p>\n\n\n\n<p><strong><em>Anmeldungen f\u00fcr die Kurse sind nur \u00fcber das DRC-Anmeldeverfahren m\u00f6glich!<\/em><\/strong><\/p>\n\n\n\n<hr class=\"wp-block-separator has-alpha-channel-opacity\"\/>\n\n\n\n<p><strong>Welpenkurs<\/strong>                                                                                                                                  <em>Sozialisierung, Aufbau einer engen Hund-Menschbindung in der Pr\u00e4gephase. Heranf\u00fchren an die Grundkommandos. Hilfestellung in allen Fragen zum Umgang und der Erziehung von jungen Retrievern.<\/em> Kursleiterin: Ute Wagnitz<br>Kurstag: in der Regel Samstag Mittag<br>Kursort: Ingersau\/Bad M\u00fcnstereifel<\/p>\n\n\n\n<p><a href=\"https:\/\/drc.de\/adr\/listen\/show_details_1.php?evid=16308\">Anmeldung Welpenkurs<\/a><\/p>\n\n\n\n<p><strong>Junghundekurs 1 (Grundkurs)<\/strong><br><em>Erlernen und Festigung der Grundkommandos, Leinenf\u00fchrigkeit, den Hund ablegen und sich entfernen k\u00f6nnen, Dummy festhalten und tragen, Schussgew\u00f6hnung, etc.<\/em><br>Kursleiterin: Jennifer Holst (extern)<br>Kurstag: in der Regel Samstag Mittag<br>Kursort: Ingersau\/Merten<\/p>\n\n\n\n<p><a href=\"https:\/\/drc.de\/adr\/listen\/show_details_1.php?evid=16835\">Anmeldung Junghunde 1<\/a><\/p>\n\n\n\n<p><strong>Junghundekurs 2 (Aufbaukurs)<\/strong><br><em>Leinenf\u00fchrigkeit, Apportier-Grundlagen, Kommandos: Hier, Sitz, Platz, Bleib, Fu\u00df sowie Einsatz der Pfeife. Erste Schritte in die Dummyarbeit.<\/em><br>Kursleiterin: Ute B\u00f6ttner, uboettner@drc-koeln-bonn.de  <br>Kurstag: in der Regel Sonntagvormittag<br>Kursort: Ingersau\/Merten<\/p>\n\n\n\n<p><a href=\"https:\/\/drc.de\/adr\/listen\/show_details_1.php?evid=16320\"><\/a><a href=\"https:\/\/drc.de\/adr\/listen\/show_details_1.php?evid=16847\">Anmeldung Junghunde 2<\/a><\/p>\n\n\n\n<p><strong>Begleithundekurs<\/strong> <br><em>Vorbereitung auf die Begleithundepr\u00fcfung<\/em><br>Kursleiterin: Benno Lebelt,&nbsp;lebelt@drc-koeln-bonn.de&nbsp;<br>Kurstag: in der Regel Samstagvormittag<br>Kursort: Ingersau<\/p>\n\n\n<p><a href=\"https:\/\/drc.de\/adr\/listen\/show_details_1.php?evid=16306\"><a href=\"https:\/\/drc.de\/adr\/listen\/show_details_1.php?evid=16836\">Anmeldung Begleithundekurs<\/a><\/a><\/p>\n\n\n<p><strong>Dummykurs &#8211; Vorbereitung Dummy A Pr\u00fcfung<\/strong> <br><em>Der Hund hat Freude am Apportieren und beherrscht bereits einen zuverl\u00e4ssigen R\u00fcckruf mit Dummy. Langfristiges Ziel des Kurses dient der Vorbereitung zur APD\/R A<\/em><br>Kursleiter: Kurt Gottlieb, gottlieb@drc-koeln-bonn.de<br>Kurstag: in der Regel Sonntagmorgen<br>Kursort: Ingersau\/Merten<\/p>\n\n\n<p><a href=\"https:\/\/drc.de\/adr\/listen\/show_details_1.php?evid=16327\"><a href=\"https:\/\/drc.de\/adr\/listen\/show_details_1.php?evid=16844\">Anmeldung Dummy Anf\u00e4nger<\/a><\/a><\/p>\n\n\n<p><strong>Dummykurs gute Anf\u00e4nger &#8211; Fortgeschrittene<\/strong><br><em>Idealerweise hat der Hund die APD\/R A erfolgreich bestanden. Gutes Dummy-A Niveau. Themen: Einweisen, Blinds, Mehrfach-Markierungen, Gel\u00e4nde-\u00dcberg\u00e4nge, Walkup etc.<\/em><br>Kursleiterin: Gabi Becker, becker@drc-koeln-bonn.de<br>Kurstag: in der Regel Mittwochnachmittag<br>Kursort: Ingersau\/Merten<\/p>\n\n\n<p><a href=\"https:\/\/drc.de\/adr\/listen\/show_details_1.php?evid=16307\"><a href=\"https:\/\/drc.de\/adr\/listen\/show_details_1.php?evid=16845\">Anmeldung gutes Dummy A-Niveau<\/a><\/a><\/p>\n\n\n<p><strong>Dummy just for fun<\/strong><br><em>\u201eErnsthafte\u201c Dummyarbeit, bei der auch der Spa\u00df nicht zu kurz kommt. Voraussetzung beim Hund ist zuverl\u00e4ssiges festhalten, aufnehmen und zur\u00fcckkommen mit dem Dummy. Der Kurs eignet sich f\u00fcr alle, die gerne Dummyarbeit betreiben wollen, aber keine Pr\u00fcfungsziele verfolgen.<\/em><br>Kursleiter: Klaus Vogel, vogel@drc-koeln-bonn.de<br>Kurstag: nach Absprache \/ auf Anfrage<br>Kursort: nach Absprache \/ auf Anfrage<\/p>\n\n\n\n<p><a href=\"https:\/\/drc.de\/adr\/listen\/show_details_1.php?evid=16321\">Anmeldung Dummy just for fun<\/a><\/p>\n\n\n\n<hr class=\"wp-block-separator has-alpha-channel-opacity\"\/>\n\n\n\n<p>Die Kurse bestehen in der Regel aus 8 Trainingseinheiten.<\/p>\n\n\n\n<p>Informationen zu den <a href=\"https:\/\/drc.de\/content\/gebuehren-und-spesenordnung-im-drc\" target=\"_blank\" rel=\"noopener noreferrer\">DRC-Mitgliedsbeitr\u00e4gen<\/a><\/p>\n\n\n\n<hr class=\"wp-block-separator has-alpha-channel-opacity\"\/>\n\n\n\n<p><\/p>\n","protected":false},"excerpt":{"rendered":"<p>Trainings- und Ausbildungsangebote k\u00f6nnen ausschlie\u00dflich von DRC-Mitgliedern wahrgenommen werden. In den Kursen werden keine Moxonleinen ohne Zugstopp oder andere W\u00fcrger zugelassen. Diese Regelung entspricht den Bestimmungen des Tierschutzgesetzes.&nbsp; In Abh\u00e4ngigkeit vorhandener Ausbilderkapazit\u00e4ten und entsprechender Nachfrage wird Hundeausbildung in verschiedenen Kursen angeboten. Der Welpenkurs und der &#8222;Dummy just for fun&#8220; Kurs werden durchgehend angeboten, ein&#8230;<\/p>\n<p class=\"read-more\"><a class=\"btn btn-default\" href=\"https:\/\/drc-koeln-bonn.de\/index.php\/ausbildung\/kursangebot\/\"> Read More<span class=\"screen-reader-text\">  Read More<\/span><\/a><\/p>\n","protected":false},"author":1,"featured_media":0,"parent":6,"menu_order":0,"comment_status":"closed","ping_status":"closed","template":"","meta":{"footnotes":""},"class_list":["post-46","page","type-page","status-publish","hentry"],"_links":{"self":[{"href":"https:\/\/drc-koeln-bonn.de\/index.php\/wp-json\/wp\/v2\/pages\/46","targetHints":{"allow":["GET"]}}],"collection":[{"href":"https:\/\/drc-koeln-bonn.de\/index.php\/wp-json\/wp\/v2\/pages"}],"about":[{"href":"https:\/\/drc-koeln-bonn.de\/index.php\/wp-json\/wp\/v2\/types\/page"}],"author":[{"embeddable":true,"href":"https:\/\/drc-koeln-bonn.de\/index.php\/wp-json\/wp\/v2\/users\/1"}],"replies":[{"embeddable":true,"href":"https:\/\/drc-koeln-bonn.de\/index.php\/wp-json\/wp\/v2\/comments?post=46"}],"version-history":[{"count":54,"href":"https:\/\/drc-koeln-bonn.de\/index.php\/wp-json\/wp\/v2\/pages\/46\/revisions"}],"predecessor-version":[{"id":1660,"href":"https:\/\/drc-koeln-bonn.de\/index.php\/wp-json\/wp\/v2\/pages\/46\/revisions\/1660"}],"up":[{"embeddable":true,"href":"https:\/\/drc-koeln-bonn.de\/index.php\/wp-json\/wp\/v2\/pages\/6"}],"wp:attachment":[{"href":"https:\/\/drc-koeln-bonn.de\/index.php\/wp-json\/wp\/v2\/media?parent=46"}],"curies":[{"name":"wp","href":"https:\/\/api.w.org\/{rel}","templated":true}]}}