{"id":208,"date":"2018-06-25T14:23:50","date_gmt":"2018-06-25T14:23:50","guid":{"rendered":"https:\/\/drc-koeln-bonn.de\/?page_id=208"},"modified":"2024-05-16T09:36:49","modified_gmt":"2024-05-16T09:36:49","slug":"uebungsgelaende","status":"publish","type":"page","link":"https:\/\/drc-koeln-bonn.de\/index.php\/bezirksgruppe\/uebungsgelaende\/","title":{"rendered":"\u00dcbungsgel\u00e4nde"},"content":{"rendered":"\n<p><u>Nutzung der \u00dcbungsgel\u00e4nde<\/u><\/p>\n\n\n\n<p>Liebe Mitglieder der BZG K\u00f6ln-Bonn,<br>\nwir sind sehr froh dar\u00fcber, dass wir mit der Gr\u00e4flich Nesselrodeschen Verwaltung neue Nutzungsvertr\u00e4ge f\u00fcr unsere \u00dcbungsgel\u00e4nde in Ingersau, Merten-Balenbach und Br\u00f6ler Berg abschlie\u00dfen konnten. Dabei war sicherlich der pflegliche Umgang unserer Mitglieder bzw. der Kurs- und Pr\u00fcfungsteilnehmer mit der Natur sehr hilfreich. Wir m\u00f6chten auch weiterhin ein reibungsloses Miteinander mit dem Gestattungsgeber (Verp\u00e4chter) und weiteren Nutznie\u00dfern (z.B. der Gr\u00fcnfl\u00e4che Merten) sicher stellen. Daher war der folgende Vorstandsbeschluss erforderlich: Gelegentliche private Trainingseinheiten unserer Mitglieder k\u00f6nnen grunds\u00e4tzlich nur in der Woche (Montag bis Freitag) und nur als Einzeltraining oder Training in kleinen Gruppen (max. 5 Hunde) durchgef\u00fchrt werden. In jedem Fall ist rechtzeitig vorher die Zustimmung eines Vorstandsmitglieds einzuholen, welches dann auch \u00fcber die zu beachtenden Auflagen informiert.<br>\nWir bitten um Verst\u00e4ndnis.<\/p>\n\n\n\n<p>Der Vorstand der BZG K\u00f6ln-Bonn<\/p>\n\n\n\n<p><strong>Trainingsgel\u00e4nde Ingersau<\/strong><\/p>\n\n\n\n<iframe src=\"https:\/\/www.google.com\/maps\/embed?pb=!1m14!1m12!1m3!1d829.6610298271956!2d7.3637923215029355!3d50.825653495344554!2m3!1f0!2f0!3f0!3m2!1i1024!2i768!4f13.1!5e1!3m2!1sde!2sde!4v1715851873946!5m2!1sde!2sde\" width=\"600\" height=\"450\" style=\"border:0;\" allowfullscreen=\"\" loading=\"lazy\" referrerpolicy=\"no-referrer-when-downgrade\"><\/iframe>\n","protected":false},"excerpt":{"rendered":"<p>Nutzung der \u00dcbungsgel\u00e4nde Liebe Mitglieder der BZG K\u00f6ln-Bonn, wir sind sehr froh dar\u00fcber, dass wir mit der Gr\u00e4flich Nesselrodeschen Verwaltung neue Nutzungsvertr\u00e4ge f\u00fcr unsere \u00dcbungsgel\u00e4nde in Ingersau, Merten-Balenbach und Br\u00f6ler Berg abschlie\u00dfen konnten. Dabei war sicherlich der pflegliche Umgang unserer Mitglieder bzw. der Kurs- und Pr\u00fcfungsteilnehmer mit der Natur sehr hilfreich. Wir m\u00f6chten auch&#8230;<\/p>\n<p class=\"read-more\"><a class=\"btn btn-default\" href=\"https:\/\/drc-koeln-bonn.de\/index.php\/bezirksgruppe\/uebungsgelaende\/\"> Read More<span class=\"screen-reader-text\">  Read More<\/span><\/a><\/p>\n","protected":false},"author":1,"featured_media":0,"parent":44,"menu_order":0,"comment_status":"closed","ping_status":"closed","template":"","meta":{"footnotes":""},"class_list":["post-208","page","type-page","status-publish","hentry"],"_links":{"self":[{"href":"https:\/\/drc-koeln-bonn.de\/index.php\/wp-json\/wp\/v2\/pages\/208","targetHints":{"allow":["GET"]}}],"collection":[{"href":"https:\/\/drc-koeln-bonn.de\/index.php\/wp-json\/wp\/v2\/pages"}],"about":[{"href":"https:\/\/drc-koeln-bonn.de\/index.php\/wp-json\/wp\/v2\/types\/page"}],"author":[{"embeddable":true,"href":"https:\/\/drc-koeln-bonn.de\/index.php\/wp-json\/wp\/v2\/users\/1"}],"replies":[{"embeddable":true,"href":"https:\/\/drc-koeln-bonn.de\/index.php\/wp-json\/wp\/v2\/comments?post=208"}],"version-history":[{"count":6,"href":"https:\/\/drc-koeln-bonn.de\/index.php\/wp-json\/wp\/v2\/pages\/208\/revisions"}],"predecessor-version":[{"id":1021,"href":"https:\/\/drc-koeln-bonn.de\/index.php\/wp-json\/wp\/v2\/pages\/208\/revisions\/1021"}],"up":[{"embeddable":true,"href":"https:\/\/drc-koeln-bonn.de\/index.php\/wp-json\/wp\/v2\/pages\/44"}],"wp:attachment":[{"href":"https:\/\/drc-koeln-bonn.de\/index.php\/wp-json\/wp\/v2\/media?parent=208"}],"curies":[{"name":"wp","href":"https:\/\/api.w.org\/{rel}","templated":true}]}}