{"id":16,"date":"2018-05-11T19:52:00","date_gmt":"2018-05-11T19:52:00","guid":{"rendered":"http:\/\/raven-golden-dawn.de\/?page_id=16"},"modified":"2024-09-24T06:24:17","modified_gmt":"2024-09-24T06:24:17","slug":"links","status":"publish","type":"page","link":"https:\/\/drc-koeln-bonn.de\/index.php\/links\/","title":{"rendered":"Links"},"content":{"rendered":"\n<figure class=\"wp-block-table\"><table class=\"has-fixed-layout\"><tbody><tr><td><strong>Name<\/strong><\/td><td><strong>Beschreibung<\/strong><\/td><\/tr><tr><td><a href=\"http:\/\/www.vdh.de\/\">www.vdh.de<\/a><\/td><td>Homepage des Verbandes f\u00fcr das deutsche Hundewesen<\/td><\/tr><tr><td><a href=\"http:\/\/www.fci.be\/\">www.fci.be<\/a><\/td><td>Homepage der F\u00e9d\u00e9ration Cynologique Internationale<\/td><\/tr><tr><td><a href=\"http:\/\/www.drc.de\/\">www.drc.de<\/a><\/td><td>Homepage des Deutschen Retriever Clubs e.V.<\/td><\/tr><tr><td><a href=\"http:\/\/www.drc-lg-west.de\/\">www.drc-lg-west.de<\/a><\/td><td>Homepage des Deutschen Retriever Clubs e.V. \/ Landesgruppe West<\/td><\/tr><tr><td><a href=\"https:\/\/www.lcd-labrador.de\/\">www.lcd-labrador.de<\/a><\/td><td>Homepage des Labrador Club Deutschland e.V.<\/td><\/tr><tr><td><a href=\"http:\/\/www.grc.de\/\">www.grc.de<\/a><\/td><td>Homepage des Golden Retriever Clubs e.V.<\/td><\/tr><\/tbody><\/table><\/figure>\n","protected":false},"excerpt":{"rendered":"<p>Name Beschreibung www.vdh.de Homepage des Verbandes f\u00fcr das deutsche Hundewesen www.fci.be Homepage der F\u00e9d\u00e9ration Cynologique Internationale www.drc.de Homepage des Deutschen Retriever Clubs e.V. www.drc-lg-west.de Homepage des Deutschen Retriever Clubs e.V. \/ Landesgruppe West www.lcd-labrador.de Homepage des Labrador Club Deutschland e.V. www.grc.de Homepage des Golden Retriever Clubs e.V.<\/p>\n","protected":false},"author":1,"featured_media":0,"parent":0,"menu_order":7,"comment_status":"closed","ping_status":"closed","template":"","meta":{"footnotes":""},"class_list":["post-16","page","type-page","status-publish","hentry"],"_links":{"self":[{"href":"https:\/\/drc-koeln-bonn.de\/index.php\/wp-json\/wp\/v2\/pages\/16","targetHints":{"allow":["GET"]}}],"collection":[{"href":"https:\/\/drc-koeln-bonn.de\/index.php\/wp-json\/wp\/v2\/pages"}],"about":[{"href":"https:\/\/drc-koeln-bonn.de\/index.php\/wp-json\/wp\/v2\/types\/page"}],"author":[{"embeddable":true,"href":"https:\/\/drc-koeln-bonn.de\/index.php\/wp-json\/wp\/v2\/users\/1"}],"replies":[{"embeddable":true,"href":"https:\/\/drc-koeln-bonn.de\/index.php\/wp-json\/wp\/v2\/comments?post=16"}],"version-history":[{"count":14,"href":"https:\/\/drc-koeln-bonn.de\/index.php\/wp-json\/wp\/v2\/pages\/16\/revisions"}],"predecessor-version":[{"id":1092,"href":"https:\/\/drc-koeln-bonn.de\/index.php\/wp-json\/wp\/v2\/pages\/16\/revisions\/1092"}],"wp:attachment":[{"href":"https:\/\/drc-koeln-bonn.de\/index.php\/wp-json\/wp\/v2\/media?parent=16"}],"curies":[{"name":"wp","href":"https:\/\/api.w.org\/{rel}","templated":true}]}}